{"id":12797,"date":"2025-04-04T12:31:07","date_gmt":"2025-04-04T12:31:07","guid":{"rendered":"https:\/\/www.verahastanesi.com\/home-2\/"},"modified":"2026-03-11T09:53:22","modified_gmt":"2026-03-11T09:53:22","slug":"home-2","status":"publish","type":"page","link":"https:\/\/www.verahastanesi.com\/en\/","title":{"rendered":""},"content":{"rendered":"\n<div class=\"gb-carousel gb-carousel-23482850\" data-slides-per-view=\"1\" data-space-between=\"0px\" data-loop=\"true\" data-pagination-type=\"bullets\" data-autoplay-enabled=\"true\" data-autoplay-delay=\"3500\" data-grab-cursor=\"false\" data-autoplay-disable-on-interaction=\"false\" data-autoplay-pause-on-mouse-enter=\"false\" data-carousel-id=\"23482850\">\n<div class=\"gb-carousel-items gb-carousel-items-c022b710\">\n<div class=\"gb-carousel-item gb-carousel-item-146656be\">\n<div class=\"gb-element-717e67c5\">\n<h2 class=\"gb-text gb-text-8ccdef95\">The Best Time for Your Health: Today<\/h2>\n\n\n\n<p class=\"has-text-color\" style=\"color:#ffffff;font-size:1.3rem\">Learn about disease risks early with a check-up. A small check-up today can prevent big risks tomorrow.<\/p>\n\n\n\n<a class=\"gb-text gb-text-0f54a645\" href=\"#tibbi-danisma\">Make an Appointment<\/a>\n<\/div>\n<\/div>\n\n\n\n<div class=\"gb-carousel-item gb-carousel-item-76ba91b4\">\n<div class=\"gb-element-23152b40\">\n<h1 class=\"gb-text gb-text-3b8e12e2\">Early Diagnosis with Endoscopy, A Healthy Future<\/h1>\n\n\n\n<p class=\"has-text-color\" style=\"color:#ffffff;font-size:1.3rem\">Endoscopy, used in the early diagnosis of digestive system diseases, allows for the early detection of many stomach and intestinal diseases.<\/p>\n\n\n\n<a class=\"gb-text gb-text-70024037\" href=\"https:\/\/www.verahastanesi.com\/kadin-hastaliklari-ve-dogum\/\">Make an Appointment<\/a>\n<\/div>\n<\/div>\n\n\n\n<div class=\"gb-carousel-item gb-carousel-item-a45b12d1\">\n<div class=\"gb-element-066e2814\">\n<h1 class=\"gb-text gb-text-af336ba9\">Early Diagnosis with Ultrasound, A Healthy Future<\/h1>\n\n\n\n<p class=\"has-text-color\" style=\"color:#ffffff;font-size:1.3rem\">Ultrasound imaging is a reliable and rapid diagnostic method that allows for the early detection of many diseases.<\/p>\n\n\n\n<a class=\"gb-text gb-text-0e24849a\" href=\"#tibbi-danisma\">Make an Appointment<\/a>\n<\/div>\n<\/div>\n\n\n\n<div class=\"gb-carousel-item gb-carousel-item-5d75abc2\">\n<div class=\"gb-element-194c488e\">\n<h1 class=\"gb-text gb-text-521bf57d\">Aesthetics Where Art and Science Meet<\/h1>\n\n\n\n<p class=\"has-text-color\" style=\"color:#ffffff;font-size:1.3rem\">Aesthetic surgery is not just about transformation, but also about the art of balance and naturalness. We offer safe aesthetic solutions with personalized analysis and modern surgical techniques.<\/p>\n\n\n\n<a class=\"gb-text gb-text-4501c0f4\" href=\"#tibbi-danisma\">Make an Appointment<\/a>\n<\/div>\n<\/div>\n<\/div>\n\n\n\n<div class=\"gb-element-3b425b9f\">\n<nav aria-label=\"Carousel pagination\" role=\"navigation\" class=\"gb-carousel-pagination gb-carousel-pagination-4f67142b\" data-pagination-type=\"bullets\"><span class=\"gb-carousel-dot\" style=\"display: inline-block !important;\"><\/span><\/nav>\n<\/div>\n<\/div>\n\n\n\n<div class=\"gbp-section gb-element-b7ce95fb\">\n<div class=\"gbp-section gb-element-fce9ded9\">\n<h2 class=\"gb-text gb-text-bbb55d66\"><strong>Vera SM Medical Center<\/strong><\/h2>\n\n\n\n<p class=\"has-text-align-center has-contrast-3-color has-text-color has-link-color wp-elements-7fdb74b66c2707d503659ed03736d9f1\"><strong>With our wide range of specialties, we offer healthcare services to meet all your needs.<\/strong><\/p>\n<\/div>\n\n\n\n<div class=\"gb-element-11fdf09a\">\n<div class=\"gb-carousel gb-carousel-ed759dd7\" data-slides-per-view=\"5\" data-space-between=\"24px\" data-autoplay-enabled=\"true\" data-loop=\"true\" data-autoplay-delay=\"1900\" data-autoplay-disable-on-interaction=\"false\" data-carousel-id=\"ed759dd7\">\n<div class=\"gb-carousel-items\">\n<div class=\"gb-carousel-item gb-carousel-item-f9fffe10\">\n<img loading=\"lazy\" decoding=\"async\" width=\"300\" height=\"300\" class=\"gb-media-28738133\" src=\"https:\/\/www.verahastanesi.com\/wp-content\/uploads\/2026\/03\/general-surgery.webp\" alt=\"\" title=\"general-surgery\" srcset=\"https:\/\/www.verahastanesi.com\/wp-content\/uploads\/2026\/03\/general-surgery.webp 300w, https:\/\/www.verahastanesi.com\/wp-content\/uploads\/2026\/03\/general-surgery-150x150.webp 150w\" sizes=\"auto, (max-width: 300px) 100vw, 300px\">\n<\/div>\n\n\n\n<div class=\"gb-carousel-item gb-carousel-item-f975684d\">\n<img loading=\"lazy\" decoding=\"async\" width=\"300\" height=\"300\" class=\"gb-media-23f9e994\" src=\"https:\/\/www.verahastanesi.com\/wp-content\/uploads\/2026\/03\/orthopedics.webp\" alt=\"\" title=\"orthopedics\" srcset=\"https:\/\/www.verahastanesi.com\/wp-content\/uploads\/2026\/03\/orthopedics.webp 300w, https:\/\/www.verahastanesi.com\/wp-content\/uploads\/2026\/03\/orthopedics-150x150.webp 150w\" sizes=\"auto, (max-width: 300px) 100vw, 300px\">\n<\/div>\n\n\n\n<div class=\"gb-carousel-item gb-carousel-item-769566fd\">\n<img loading=\"lazy\" decoding=\"async\" width=\"300\" height=\"300\" class=\"gb-media-7308f0b9\" src=\"https:\/\/www.verahastanesi.com\/wp-content\/uploads\/2026\/03\/neurology.webp\" alt=\"\" title=\"neurology\" srcset=\"https:\/\/www.verahastanesi.com\/wp-content\/uploads\/2026\/03\/neurology.webp 300w, https:\/\/www.verahastanesi.com\/wp-content\/uploads\/2026\/03\/neurology-150x150.webp 150w\" sizes=\"auto, (max-width: 300px) 100vw, 300px\">\n<\/div>\n\n\n\n<div class=\"gb-carousel-item gb-carousel-item-3f917387\">\n<img loading=\"lazy\" decoding=\"async\" width=\"300\" height=\"300\" class=\"gb-media-e2606f24\" src=\"https:\/\/www.verahastanesi.com\/wp-content\/uploads\/2026\/03\/gynecology.webp\" alt=\"\" title=\"gynecology\" srcset=\"https:\/\/www.verahastanesi.com\/wp-content\/uploads\/2026\/03\/gynecology.webp 300w, https:\/\/www.verahastanesi.com\/wp-content\/uploads\/2026\/03\/gynecology-150x150.webp 150w\" sizes=\"auto, (max-width: 300px) 100vw, 300px\">\n<\/div>\n\n\n\n<div class=\"gb-carousel-item gb-carousel-item-5e53c3ec\">\n<img loading=\"lazy\" decoding=\"async\" width=\"300\" height=\"300\" class=\"gb-media-eaed2bef\" src=\"https:\/\/www.verahastanesi.com\/wp-content\/uploads\/2026\/03\/otorhinolaryngology.webp\" alt=\"\" title=\"otorhinolaryngology\" srcset=\"https:\/\/www.verahastanesi.com\/wp-content\/uploads\/2026\/03\/otorhinolaryngology.webp 300w, https:\/\/www.verahastanesi.com\/wp-content\/uploads\/2026\/03\/otorhinolaryngology-150x150.webp 150w\" sizes=\"auto, (max-width: 300px) 100vw, 300px\">\n<\/div>\n<\/div>\n\n\n\n<div class=\"gb-element-f79a6349\">\n<button aria-label=\"Previous slide\" class=\"gb-carousel-control gb-carousel-control-99db8225 gb-carousel-control--previous\" data-carousel-control=\"prev\"><span class=\"gb-carousel-control-icon\"><svg xmlns=\"http:\/\/www.w3.org\/2000\/svg\" viewBox=\"0 0 256 256\" fill=\"currentColor\"><path d=\"M165.66,202.34a8,8,0,0,1-11.32,11.32l-80-80a8,8,0,0,1,0-11.32l80-80a8,8,0,0,1,11.32,11.32L91.31,128Z\"><\/path><\/svg><\/span><\/button>\n\n\n\n<nav aria-label=\"Carousel pagination\" role=\"navigation\" class=\"gb-carousel-pagination gb-carousel-pagination-ea511a21\" data-pagination-type=\"bullets\"><span class=\"gb-carousel-dot\" style=\"display: inline-block !important;\"><\/span><\/nav>\n\n\n\n<button aria-label=\"Next slide\" class=\"gb-carousel-control gb-carousel-control-81f4c4bd gb-carousel-control--next\" data-carousel-control=\"next\"><span class=\"gb-carousel-control-icon\"><svg xmlns=\"http:\/\/www.w3.org\/2000\/svg\" viewBox=\"0 0 256 256\" fill=\"currentColor\"><path d=\"M181.66,133.66l-80,80a8,8,0,0,1-11.32-11.32L164.69,128,90.34,53.66a8,8,0,0,1,11.32-11.32l80,80A8,8,0,0,1,181.66,133.66Z\"><\/path><\/svg><\/span><\/button>\n<\/div>\n<\/div>\n<\/div>\n\n\n\n<div class=\"gb-element-91010c60\">\n<a class=\"gbp-button--secondary gb-text-460e56d5\" href=\"http:\/\/en\/medical-units\/\"><span class=\"gb-shape\"><svg aria-hidden=\"true\" role=\"img\" height=\"1em\" width=\"1em\" viewBox=\"0 0 256 512\" xmlns=\"http:\/\/www.w3.org\/2000\/svg\"><path fill=\"currentColor\" d=\"M224.3 273l-136 136c-9.4 9.4-24.6 9.4-33.9 0l-22.6-22.6c-9.4-9.4-9.4-24.6 0-33.9l96.4-96.4-96.4-96.4c-9.4-9.4-9.4-24.6 0-33.9L54.3 103c9.4-9.4 24.6-9.4 33.9 0l136 136c9.5 9.4 9.5 24.6.1 34z\"><\/path><\/svg><\/span><span class=\"gb-text\"><strong>All Medical Units<\/strong><\/span><\/a>\n<\/div>\n<\/div>\n\n\n\n<div class=\"gbp-section gb-element-b0f748eb\" id=\"tibbi-danisma\">\n<div class=\"gbp-section gb-element-7e2e9fa7\">\n<div class=\"gb-element-57179deb\">\n<div class=\"gb-element-6c8fd188\">\n<h3 class=\"gb-text gb-text-eea8ee94\"><strong>We are here for you!<\/strong><\/h3>\n\n\n\n<p class=\"gb-text gb-text-b6151d1a\"><strong><a href=\"tel:+902124240115\" data-type=\"tel\" data-id=\"tel:+902129639636\">0 212 424 01 15<\/a><\/strong><\/p>\n\n\n\n<h3 class=\"wp-block-heading has-text-align-left has-base-2-color has-text-color has-link-color wp-elements-c17f202881a168299f7e76ba56b71f34\">Address<\/h3>\n\n\n\n<p class=\"gb-text gb-text-75c593b9\">Sultan Murat, Sultan Murat Cd. 113-1, 34295 K\u00fc\u00e7\u00fck\u00e7ekmece\/\u0130stanbul<\/p>\n\n\n\n<div class=\"wp-block-buttons is-layout-flex wp-block-buttons-is-layout-flex\">\n<div class=\"wp-block-button is-style-fill\"><a class=\"wp-block-button__link has-contrast-color has-base-2-background-color has-text-color has-background has-link-color wp-element-button\" href=\"https:\/\/maps.app.goo.gl\/pRednSV7GKQJdCrH8\" style=\"border-radius:0px\" target=\"_blank\" rel=\"noopener\">Get D\u0131rect\u0131ons<\/a><\/div>\n<\/div>\n<\/div>\n\n\n\n<div><style>.cfcf7-block .wpcf7-text, .cfcf7-block .wpcf7-textarea, .cfcf7-block input[type='number'], .cfcf7-block .wpcf7-select, .cfcf7-block .wpcf7-date { background-color: #f4f4f4; border-radius: 0.5em;  line-height:1.4em!important; } .cfcf7-block .wpcf7-text, .cfcf7-block .wpcf7-textarea, .cfcf7-block input[type='number'], .cfcf7-block .wpcf7-select, .cfcf7-block .wpcf7-date { border: none; } .cfcf7-block .wpcf7-text:focus, .cfcf7-block .wpcf7-textarea:focus, .cfcf7-block input[type='number']:focus, .cfcf7-block .wpcf7-select:focus, .cfcf7-block .wpcf7-date:focus { outline-width: 1px; } .cfcf7-block .wpcf7-text:focus, .cfcf7-block .wpcf7-textarea:focus, .cfcf7-block input[type='number']:focus, .cfcf7-block .wpcf7-select:focus, .cfcf7-block .wpcf7-date:focus { outline-offset: 1px; } .cfcf7-block .wpcf7-text:focus, .cfcf7-block .wpcf7-textarea:focus, .cfcf7-block input[type='number']:focus, .cfcf7-block .wpcf7-select:focus, .cfcf7-block .wpcf7-date:focus { outline-color: #403B40; } .cfcf7-block .wpcf7-text, .cfcf7-block .wpcf7-textarea, .cfcf7-block input[type='number'], .cfcf7-block .wpcf7-select, .cfcf7-block .wpcf7-date{ box-shadow: 0em 0.1em 1em -0.9em #403b40 inset;} .wpcf7 label{ font-size:1.1em!important;}  .wpcf7 label{ font-weight:400!important;}  .wpcf7 label{ line-height:2em!important;}   .wpcf7 label, .wpcf7 form p a, .wpcf7 form p{ color: #8C8E98!important; } .wpcf7 label{ line-height: 2em;} .cfcf7-block .wpcf7-text, .cfcf7-block .wpcf7-textarea, .cfcf7-block input[type='number'], .cfcf7-block .wpcf7-select, .cfcf7-block .wpcf7-date{font-size:0.9em!important;}  .cfcf7-block .wpcf7-text, .cfcf7-block .wpcf7-textarea, .cfcf7-block input[type='number'], .cfcf7-block .wpcf7-select, .cfcf7-block .wpcf7-date{ color: #545054;} .wpcf7 ::placeholder{ color: var(--accent)} .cfcf7-block .wpcf7-text, .cfcf7-block .wpcf7-textarea, .cfcf7-block input[type='number'], .cfcf7-block .wpcf7-select, .cfcf7-block .wpcf7-date{ padding: 0.6em 0.6em; } .wpcf7-submit, .wpcf7-submit-wrapper{ background: var(--accent)!important; line-height:1.5em!important;} .cfcf7-block .wpcf7-submit{font-size:1em!important; }  .cfcf7-block .wpcf7-submit{ text-transform: capitalize!important; } .cfcf7-block .wpcf7-submit{ font-weight:400!important;}  .cfcf7-block .wpcf7-submit{color: white!important;}  .cfcf7-block .wpcf7-submit{padding-top:0.9em!important; padding-bottom:0.9em!important; }  .cfcf7-block .wpcf7-submit{padding-left:4em; padding-right:4em ; }  .cfcf7-block\r\n .wpcf7-submit{ width: 100%; } .cfcf7-block .wpcf7-submit{ border-radius: 0.5em!important;} .cfcf7-block .wpcf7-submit{ border: none;} .cfcf7-block .wpcf7-submit{box-shadow:0em 0.3em 1em -0.6em grey;} .cfcf7-block .wpcf7-submit:hover{box-shadow:none!important;} \r\n        @media only screen and (min-width: 361px) and (max-width: 780px) {\r\n            .cfcf7-block\r\n            { \r\n                font-size: 16px!important; \r\n                margin-top: 0em!important; \r\n                margin-left: 0em!important; \r\n                margin-right: 0em!important; \r\n                margin-bottom: 0em!important;\r\n                padding-top: 1.6em!important; \r\n                padding-left: 2.2em!important; \r\n                padding-right: 2.2em!important; \r\n                padding-bottom: 1.6em!important; \r\n            } \r\n            .cfcf7-block .wpcf7-submit{ width: 100%!important; \r\n        }} \r\n@media only screen and (max-width: 360px) {\r\n    .cfcf7-block\r\n{ \r\n                font-size: 16px!important; \r\n                margin-top: 1em!important; \r\n                margin-left: -0.5em!important; \r\n                margin-right: -0.5em!important; \r\n                margin-bottom: 1em!important;\r\n                padding-top: 2em!important; \r\n                padding-left: 1.5em!important; \r\n                padding-right: 1.5em!important; \r\n                padding-bottom: 2em!important; \r\n            } \r\n            .cfcf7-block .wpcf7-submit{ width: 100%!important; \r\n        }}<\/style><div class=\"cfcf7-block-container\"><div style=\"background-color:#fff; line-height: 1.4em!important; font-size:16px;  padding-top:2em; padding-left:3em; padding-right:3em; padding-bottom:2em; margin-top:0em; margin-left:0em; margin-right:0em; margin-bottom:0em; border-radius: 2em; box-shadow:0em 0.5em 5em -3em black; border-color:black; \" class=\"cfcf7-block wp-block-mofistudio-customizer-block-cf7\">\n<div class=\"wpcf7 no-js\" id=\"wpcf7-f11007-o1\" lang=\"en-US\" dir=\"ltr\" data-wpcf7-id=\"11007\">\n<div class=\"screen-reader-response\"><p role=\"status\" aria-live=\"polite\" aria-atomic=\"true\"><\/p> <ul><\/ul><\/div>\n<form action=\"\/en\/wp-json\/wp\/v2\/pages\/12797#wpcf7-f11007-o1\" method=\"post\" class=\"wpcf7-form init\" aria-label=\"Contact form\" novalidate=\"novalidate\" data-status=\"init\">\n<fieldset class=\"hidden-fields-container\"><input type=\"hidden\" name=\"_wpcf7\" value=\"11007\" \/><input type=\"hidden\" name=\"_wpcf7_version\" value=\"6.1.5\" \/><input type=\"hidden\" name=\"_wpcf7_locale\" value=\"en_US\" \/><input type=\"hidden\" name=\"_wpcf7_unit_tag\" value=\"wpcf7-f11007-o1\" \/><input type=\"hidden\" name=\"_wpcf7_container_post\" value=\"0\" \/><input type=\"hidden\" name=\"_wpcf7_posted_data_hash\" value=\"\" \/>\n<\/fieldset>\n<h3 class=\"deneme\">Free Consultation\n<\/h3>\n<div class=\"cf-container\">\n\t<div class=\"cf-col-12\">\n\t\t<p><label><span class=\"wpcf7-form-control-wrap\" data-name=\"your-name\"><input size=\"40\" maxlength=\"400\" class=\"wpcf7-form-control wpcf7-text wpcf7-validates-as-required\" autocomplete=\"name\" aria-required=\"true\" aria-invalid=\"false\" placeholder=\"Name\" value=\"\" type=\"text\" name=\"your-name\" \/><\/span><\/label>\n\t\t<\/p>\n\t<\/div>\n\t<div class=\"cf-col-6\">\n\t\t<p><label><span class=\"wpcf7-form-control-wrap\" data-name=\"phonetext-784\"><input size=\"40\" class=\"wpcf7-form-control wpcf7-phonetext wpcf7-text wpcf7-validates-as-phonetext\" aria-invalid=\"false\" value=\"\" type=\"text\" name=\"phonetext-784\" \/><input type=\"hidden\" name=\"phonetext-784-country-code\" class=\"wpcf7-phonetext-country-code\" \/><\/span><\/label>\n\t\t<\/p>\n\t<\/div>\n\t<div class=\"cf-col-6\">\n\t\t<p><label><span class=\"wpcf7-form-control-wrap\" data-name=\"your-email\"><input size=\"40\" maxlength=\"400\" class=\"wpcf7-form-control wpcf7-email wpcf7-validates-as-required wpcf7-text wpcf7-validates-as-email\" autocomplete=\"email\" aria-required=\"true\" aria-invalid=\"false\" placeholder=\"Email\" value=\"\" type=\"email\" name=\"your-email\" \/><\/span><\/label>\n\t\t<\/p>\n\t<\/div>\n\t<div class=\"cf-col-12\">\n\t\t<p><label><span class=\"wpcf7-form-control-wrap\" data-name=\"your-message\"><textarea cols=\"40\" rows=\"10\" maxlength=\"2000\" class=\"wpcf7-form-control wpcf7-textarea\" aria-invalid=\"false\" placeholder=\"Your Message\" name=\"your-message\"><\/textarea><\/span><\/label>\n\t\t<\/p>\n\t<\/div>\n<\/div>\n<p><input class=\"wpcf7-form-control wpcf7-submit has-spinner\" type=\"submit\" value=\"Send\" \/>\n<\/p><div class=\"wpcf7-response-output\" aria-hidden=\"true\"><\/div>\n<\/form>\n<\/div>\n<\/div><\/div><\/div>\n<\/div>\n<\/div>\n<\/div>\n\n\n\n<div class=\"gb-element-beedefdb\">\n<h2 class=\"wp-block-heading\"><strong>HEALTH GUIDE<\/strong><\/h2>\n\n\n\n<div class=\"gb-element-b6ccd664\">\n<p class=\"has-text-align-center\">Find reliable sources to protect yourself and your loved ones with practical tips and expert opinions that will make your daily life healthier.<\/p>\n<\/div>\n\n\n\n<div class=\"gbp-section gb-element-f3ad7756\">\n<div class=\"gbp-section__inner gb-element-f2e884f2\">\n<div><\/div>\n<\/div>\n<\/div>\n<\/div>\n","protected":false},"excerpt":{"rendered":"<p>Vera SM Medical Center With our wide range of specialties, we offer healthcare services to meet all your needs. All Medical Units We are here for you! 0 212 424 01 15 Address Sultan Murat, Sultan Murat Cd. 113-1, 34295 K\u00fc\u00e7\u00fck\u00e7ekmece\/\u0130stanbul HEALTH GUIDE Find reliable sources to protect yourself and your loved ones with practical &#8230; <a title=\"\" class=\"read-more\" href=\"https:\/\/www.verahastanesi.com\/en\/\" aria-label=\"Read more about \">Read more<\/a><\/p>\n","protected":false},"author":1,"featured_media":0,"parent":0,"menu_order":0,"comment_status":"closed","ping_status":"closed","template":"","meta":{"_acf_changed":false,"_jet_sm_ready_style":"","_jet_sm_style":"","_jet_sm_controls_values":"","_jet_sm_fonts_collection":"","_jet_sm_fonts_links":"","iawp_total_views":26,"footnotes":""},"class_list":{"0":"post-12797","1":"page","2":"type-page","3":"status-publish","5":"infinite-scroll-item"},"acf":[],"_links":{"self":[{"href":"https:\/\/www.verahastanesi.com\/en\/wp-json\/wp\/v2\/pages\/12797","targetHints":{"allow":["GET"]}}],"collection":[{"href":"https:\/\/www.verahastanesi.com\/en\/wp-json\/wp\/v2\/pages"}],"about":[{"href":"https:\/\/www.verahastanesi.com\/en\/wp-json\/wp\/v2\/types\/page"}],"author":[{"embeddable":true,"href":"https:\/\/www.verahastanesi.com\/en\/wp-json\/wp\/v2\/users\/1"}],"replies":[{"embeddable":true,"href":"https:\/\/www.verahastanesi.com\/en\/wp-json\/wp\/v2\/comments?post=12797"}],"version-history":[{"count":2,"href":"https:\/\/www.verahastanesi.com\/en\/wp-json\/wp\/v2\/pages\/12797\/revisions"}],"predecessor-version":[{"id":12800,"href":"https:\/\/www.verahastanesi.com\/en\/wp-json\/wp\/v2\/pages\/12797\/revisions\/12800"}],"wp:attachment":[{"href":"https:\/\/www.verahastanesi.com\/en\/wp-json\/wp\/v2\/media?parent=12797"}],"curies":[{"name":"wp","href":"https:\/\/api.w.org\/{rel}","templated":true}]}}